{"id":132,"date":"2022-06-14T16:01:09","date_gmt":"2022-06-14T13:01:09","guid":{"rendered":"https:\/\/dentetik.com\/de\/?page_id=132"},"modified":"2022-09-25T16:23:48","modified_gmt":"2022-09-25T13:23:48","slug":"ueber-uns","status":"publish","type":"page","link":"https:\/\/dentetik.com\/de\/ueber-uns\/","title":{"rendered":"\u00dcber uns"},"content":{"rendered":"\t\t<div data-elementor-type=\"wp-page\" data-elementor-id=\"132\" class=\"elementor elementor-132\" data-elementor-settings=\"[]\">\n\t\t\t\t\t\t\t<div class=\"elementor-section-wrap\">\n\t\t\t\t\t\t\t<section class=\"elementor-section elementor-top-section elementor-element elementor-element-71896380 elementor-section-content-middle elementor-reverse-tablet elementor-reverse-mobile elementor-section-boxed elementor-section-height-default elementor-section-height-default\" data-id=\"71896380\" data-element_type=\"section\" data-settings=\"{&quot;background_background&quot;:&quot;classic&quot;,&quot;tmea_shape_divider_top&quot;:&quot;none&quot;,&quot;tmea_shape_divider_bottom&quot;:&quot;none&quot;}\">\n\t\t\t\t\t\t<div class=\"elementor-container elementor-column-gap-no\">\n\t\t\t\t\t<div class=\"elementor-column elementor-col-50 elementor-top-column elementor-element elementor-element-5ec186d2\" data-id=\"5ec186d2\" data-element_type=\"column\">\n\t\t\t<div class=\"elementor-widget-wrap elementor-element-populated\">\n\t\t\t\t\t\t\t\t<div class=\"elementor-element elementor-element-52d647d6 elementor-widget elementor-widget-tme-heading\" data-id=\"52d647d6\" data-element_type=\"widget\" data-widget_type=\"tme-heading.default\">\n\t\t\t\t<div class=\"elementor-widget-container\">\n\t\t\t<h1 class=\"tme-heading\"><span>\u00dcber uns<\/span><\/h1>\t\t<\/div>\n\t\t\t\t<\/div>\n\t\t\t\t<div class=\"elementor-element elementor-element-999b87e elementor-widget elementor-widget-tme-heading\" data-id=\"999b87e\" data-element_type=\"widget\" data-widget_type=\"tme-heading.default\">\n\t\t\t\t<div class=\"elementor-widget-container\">\n\t\t\t<p class=\"tme-heading\"><span>Poliklinik f\u00fcr Zahnmedizin und Mundgesundheit; Ziel ist es, den Patienten eine angemessene und wirksame Behandlung im Rahmen der ethischen Regeln in allen Fachbereichen der Zahnmedizin zu bieten.\n<br><br>\nUnsere Klinik, die 2016 in Ata\u015fehir er\u00f6ffnet wurde, hat seit ihrer Gr\u00fcndung insgesamt 20.000 Patienten behandelt. In unserer Klinik bieten wir eine erstklassige Behandlungsumgebung mit Panoramar\u00f6ntgen, Diodenlaser, Endodontie-Motoren und Scanner-Ger\u00e4ten, die digitale Abdr\u00fccke liefern.\n<br><br>\nIn unserer Klinik gibt es 8 Untersuchungseinheiten, in denen 9 Zahn\u00e4rzte, 7 Fach\u00e4rzte, 1 An\u00e4sthesietechniker, 1 Radiologietechniker und 11 Assistenzkr\u00e4fte besch\u00e4ftigt sind.\n<\/span><\/p>\t\t<\/div>\n\t\t\t\t<\/div>\n\t\t\t\t\t<\/div>\n\t\t<\/div>\n\t\t\t\t<div class=\"elementor-column elementor-col-50 elementor-top-column elementor-element elementor-element-59000f3d\" data-id=\"59000f3d\" data-element_type=\"column\">\n\t\t\t<div class=\"elementor-widget-wrap elementor-element-populated\">\n\t\t\t\t\t\t\t\t<div class=\"elementor-element elementor-element-349d0d50 elementor-arrows-position-inside elementor-widget elementor-widget-image-carousel\" data-id=\"349d0d50\" data-element_type=\"widget\" data-settings=\"{&quot;slides_to_show&quot;:&quot;1&quot;,&quot;navigation&quot;:&quot;arrows&quot;,&quot;autoplay_speed&quot;:3500,&quot;effect&quot;:&quot;fade&quot;,&quot;autoplay&quot;:&quot;yes&quot;,&quot;pause_on_hover&quot;:&quot;yes&quot;,&quot;pause_on_interaction&quot;:&quot;yes&quot;,&quot;infinite&quot;:&quot;yes&quot;,&quot;speed&quot;:500}\" data-widget_type=\"image-carousel.default\">\n\t\t\t\t<div class=\"elementor-widget-container\">\n\t\t\t<style>\/*! elementor - v3.5.4 - 23-01-2022 *\/\n.elementor-widget-image-carousel .swiper-container{position:static}.elementor-widget-image-carousel .swiper-container .swiper-slide figure{line-height:inherit}.elementor-widget-image-carousel .swiper-slide{text-align:center}.elementor-image-carousel-wrapper:not(.swiper-container-initialized) .swiper-slide{max-width:calc(100% \/ var(--e-image-carousel-slides-to-show, 3))}<\/style>\t\t<div class=\"elementor-image-carousel-wrapper swiper-container\" dir=\"ltr\">\n\t\t\t<div class=\"elementor-image-carousel swiper-wrapper\">\n\t\t\t\t\t\t\t\t<div class=\"swiper-slide\"><figure class=\"swiper-slide-inner\"><img decoding=\"async\" class=\"swiper-slide-image\" src=\"https:\/\/dentetik.com\/de\/wp-content\/uploads\/2022\/09\/dentetik.jpg\" alt=\"dentetik.jpg\" \/><\/figure><\/div><div class=\"swiper-slide\"><figure class=\"swiper-slide-inner\"><img decoding=\"async\" class=\"swiper-slide-image\" src=\"https:\/\/dentetik.com\/de\/wp-content\/uploads\/2022\/09\/dentetik-7-1.jpg\" alt=\"dentetik-7.jpg\" \/><\/figure><\/div><div class=\"swiper-slide\"><figure class=\"swiper-slide-inner\"><img decoding=\"async\" class=\"swiper-slide-image\" src=\"https:\/\/dentetik.com\/de\/wp-content\/uploads\/2022\/09\/dentetik-6-1.jpg\" alt=\"dentetik-6.jpg\" \/><\/figure><\/div><div class=\"swiper-slide\"><figure class=\"swiper-slide-inner\"><img decoding=\"async\" class=\"swiper-slide-image\" src=\"https:\/\/dentetik.com\/de\/wp-content\/uploads\/2022\/09\/dentetik-5-1.jpg\" alt=\"dentetik-5.jpg\" \/><\/figure><\/div><div class=\"swiper-slide\"><figure class=\"swiper-slide-inner\"><img decoding=\"async\" class=\"swiper-slide-image\" src=\"https:\/\/dentetik.com\/de\/wp-content\/uploads\/2022\/09\/dentetik-3-scaled-1.jpg\" alt=\"dentetik-3-scaled.jpg\" \/><\/figure><\/div><div class=\"swiper-slide\"><figure class=\"swiper-slide-inner\"><img decoding=\"async\" class=\"swiper-slide-image\" src=\"https:\/\/dentetik.com\/de\/wp-content\/uploads\/2022\/09\/dentetik-2-1.jpg\" alt=\"dentetik-2.jpg\" \/><\/figure><\/div><div class=\"swiper-slide\"><figure class=\"swiper-slide-inner\"><img decoding=\"async\" class=\"swiper-slide-image\" src=\"https:\/\/dentetik.com\/de\/wp-content\/uploads\/2022\/09\/dentetik-4-1.jpg\" alt=\"dentetik-4.jpg\" \/><\/figure><\/div><div class=\"swiper-slide\"><figure class=\"swiper-slide-inner\"><img decoding=\"async\" class=\"swiper-slide-image\" src=\"https:\/\/dentetik.com\/de\/wp-content\/uploads\/2022\/09\/dentetik-1-1.jpg\" alt=\"dentetik-1.jpg\" \/><\/figure><\/div>\t\t\t<\/div>\n\t\t\t\t\t\t\t\t\t\t\t\t\t\t\t\t<div class=\"elementor-swiper-button elementor-swiper-button-prev\">\n\t\t\t\t\t\t<i aria-hidden=\"true\" class=\"eicon-chevron-left\"><\/i>\t\t\t\t\t\t<span class=\"elementor-screen-only\">Zur\u00fcck<\/span>\n\t\t\t\t\t<\/div>\n\t\t\t\t\t<div class=\"elementor-swiper-button elementor-swiper-button-next\">\n\t\t\t\t\t\t<i aria-hidden=\"true\" class=\"eicon-chevron-right\"><\/i>\t\t\t\t\t\t<span class=\"elementor-screen-only\">Weiter<\/span>\n\t\t\t\t\t<\/div>\n\t\t\t\t\t\t\t\t\t<\/div>\n\t\t\t\t<\/div>\n\t\t\t\t<\/div>\n\t\t\t\t\t<\/div>\n\t\t<\/div>\n\t\t\t\t\t\t\t<\/div>\n\t\t<\/section>\n\t\t\t\t<section class=\"elementor-section elementor-top-section elementor-element elementor-element-7cb8337a elementor-section-boxed elementor-section-height-default elementor-section-height-default\" data-id=\"7cb8337a\" data-element_type=\"section\" data-settings=\"{&quot;background_background&quot;:&quot;classic&quot;,&quot;tmea_shape_divider_top&quot;:&quot;none&quot;,&quot;tmea_shape_divider_bottom&quot;:&quot;none&quot;}\">\n\t\t\t\t\t\t<div class=\"elementor-container elementor-column-gap-extended\">\n\t\t\t\t\t<div class=\"elementor-column elementor-col-25 elementor-top-column elementor-element elementor-element-5fc494a9\" data-id=\"5fc494a9\" data-element_type=\"column\">\n\t\t\t<div class=\"elementor-widget-wrap elementor-element-populated\">\n\t\t\t\t\t\t\t\t<div class=\"elementor-element elementor-element-ea5497a elementor-widget elementor-widget-tme-counter\" data-id=\"ea5497a\" data-element_type=\"widget\" data-widget_type=\"tme-counter.default\">\n\t\t\t\t<div class=\"elementor-widget-container\">\n\t\t\t        <div id=\"tme-counter-ea5497a\" class=\"tme-counter v-layout\">\n            \t\t\t\t\n            <div class=\"tme-counter-number\" data-endingnumber=\"20000\" data-animduration=\"1250\" data-scrollanim >\n                <span>0<\/span>+            <\/div>\n                        <div class=\"tme-counter-title\">Behandlung<\/div>\n\t\t\t\t\t\t        <\/div>\n\t\t\t<\/div>\n\t\t\t\t<\/div>\n\t\t\t\t\t<\/div>\n\t\t<\/div>\n\t\t\t\t<div class=\"elementor-column elementor-col-25 elementor-top-column elementor-element elementor-element-474e35d1\" data-id=\"474e35d1\" data-element_type=\"column\">\n\t\t\t<div class=\"elementor-widget-wrap elementor-element-populated\">\n\t\t\t\t\t\t\t\t<div class=\"elementor-element elementor-element-259be5af elementor-widget elementor-widget-tme-counter\" data-id=\"259be5af\" data-element_type=\"widget\" data-widget_type=\"tme-counter.default\">\n\t\t\t\t<div class=\"elementor-widget-container\">\n\t\t\t        <div id=\"tme-counter-259be5af\" class=\"tme-counter v-layout\">\n            \t\t\t\t\n            <div class=\"tme-counter-number\" data-endingnumber=\"8\" data-animduration=\"1250\" data-scrollanim >\n                <span>0<\/span>            <\/div>\n                        <div class=\"tme-counter-title\">Behandlungszimmer<\/div>\n\t\t\t\t\t\t        <\/div>\n\t\t\t<\/div>\n\t\t\t\t<\/div>\n\t\t\t\t\t<\/div>\n\t\t<\/div>\n\t\t\t\t<div class=\"elementor-column elementor-col-25 elementor-top-column elementor-element elementor-element-72292cf2\" data-id=\"72292cf2\" data-element_type=\"column\">\n\t\t\t<div class=\"elementor-widget-wrap elementor-element-populated\">\n\t\t\t\t\t\t\t\t<div class=\"elementor-element elementor-element-4d86b37 elementor-widget elementor-widget-tme-counter\" data-id=\"4d86b37\" data-element_type=\"widget\" data-widget_type=\"tme-counter.default\">\n\t\t\t\t<div class=\"elementor-widget-container\">\n\t\t\t        <div id=\"tme-counter-4d86b37\" class=\"tme-counter v-layout\">\n            \t\t\t\t\n            <div class=\"tme-counter-number\" data-endingnumber=\"9\" data-animduration=\"1250\" data-scrollanim >\n                <span>0<\/span>            <\/div>\n                        <div class=\"tme-counter-title\">Zahnarzt<\/div>\n\t\t\t\t\t\t        <\/div>\n\t\t\t<\/div>\n\t\t\t\t<\/div>\n\t\t\t\t\t<\/div>\n\t\t<\/div>\n\t\t\t\t<div class=\"elementor-column elementor-col-25 elementor-top-column elementor-element elementor-element-345a2ec1\" data-id=\"345a2ec1\" data-element_type=\"column\">\n\t\t\t<div class=\"elementor-widget-wrap elementor-element-populated\">\n\t\t\t\t\t\t\t\t<div class=\"elementor-element elementor-element-4aba480f elementor-widget elementor-widget-tme-counter\" data-id=\"4aba480f\" data-element_type=\"widget\" data-widget_type=\"tme-counter.default\">\n\t\t\t\t<div class=\"elementor-widget-container\">\n\t\t\t        <div id=\"tme-counter-4aba480f\" class=\"tme-counter v-layout\">\n            \t\t\t\t\n            <div class=\"tme-counter-number\" data-endingnumber=\"7\" data-animduration=\"1250\" data-scrollanim >\n                <span>0<\/span>            <\/div>\n                        <div class=\"tme-counter-title\">Fachzahnarzt<\/div>\n\t\t\t\t\t\t        <\/div>\n\t\t\t<\/div>\n\t\t\t\t<\/div>\n\t\t\t\t\t<\/div>\n\t\t<\/div>\n\t\t\t\t\t\t\t<\/div>\n\t\t<\/section>\n\t\t\t\t\t\t<\/div>\n\t\t\t\t\t<\/div>\n\t\t","protected":false},"excerpt":{"rendered":"<p>\u00dcber uns Poliklinik f\u00fcr Zahnmedizin und Mundgesundheit; Ziel ist es, den Patienten eine angemessene und wirksame Behandlung im Rahmen der ethischen Regeln in allen Fachbereichen der Zahnmedizin zu bieten. Unsere Klinik, die 2016 in Ata\u015fehir er\u00f6ffnet wurde, hat seit ihrer Gr\u00fcndung insgesamt 20.000 Patienten behandelt. In unserer Klinik bieten wir eine erstklassige Behandlungsumgebung mit Panoramar\u00f6ntgen, [&hellip;]<\/p>\n","protected":false},"author":1,"featured_media":0,"parent":0,"menu_order":0,"comment_status":"closed","ping_status":"closed","template":"","meta":{"footnotes":""},"class_list":["post-132","page","type-page","status-publish","hentry"],"_links":{"self":[{"href":"https:\/\/dentetik.com\/de\/wp-json\/wp\/v2\/pages\/132","targetHints":{"allow":["GET"]}}],"collection":[{"href":"https:\/\/dentetik.com\/de\/wp-json\/wp\/v2\/pages"}],"about":[{"href":"https:\/\/dentetik.com\/de\/wp-json\/wp\/v2\/types\/page"}],"author":[{"embeddable":true,"href":"https:\/\/dentetik.com\/de\/wp-json\/wp\/v2\/users\/1"}],"replies":[{"embeddable":true,"href":"https:\/\/dentetik.com\/de\/wp-json\/wp\/v2\/comments?post=132"}],"version-history":[{"count":0,"href":"https:\/\/dentetik.com\/de\/wp-json\/wp\/v2\/pages\/132\/revisions"}],"wp:attachment":[{"href":"https:\/\/dentetik.com\/de\/wp-json\/wp\/v2\/media?parent=132"}],"curies":[{"name":"wp","href":"https:\/\/api.w.org\/{rel}","templated":true}]}}